{"id":16186,"date":"2015-02-11T14:33:49","date_gmt":"2015-02-11T14:33:49","guid":{"rendered":"https:\/\/www.laguipuzcoana.eus\/transparencia-de-la-gestion\/"},"modified":"2026-04-01T08:19:19","modified_gmt":"2026-04-01T08:19:19","slug":"kudeaketa-gardena","status":"publish","type":"page","link":"https:\/\/www.laguipuzcoana.eus\/eu\/kudeaketa-gardena\/","title":{"rendered":"Kudeaketa gardena"},"content":{"rendered":"<p>[et_pb_section fb_built=&#8221;1&#8243; admin_label=&#8221;section&#8221; _builder_version=&#8221;4.16&#8243; global_colors_info=&#8221;{}&#8221; theme_builder_area=&#8221;post_content&#8221;][et_pb_row admin_label=&#8221;row&#8221; _builder_version=&#8221;4.16&#8243; background_size=&#8221;initial&#8221; background_position=&#8221;top_left&#8221; background_repeat=&#8221;repeat&#8221; global_colors_info=&#8221;{}&#8221; theme_builder_area=&#8221;post_content&#8221;][et_pb_column type=&#8221;4_4&#8243; _builder_version=&#8221;4.16&#8243; custom_padding=&#8221;|||&#8221; global_colors_info=&#8221;{}&#8221; custom_padding__hover=&#8221;|||&#8221; theme_builder_area=&#8221;post_content&#8221;][et_pb_text admin_label=&#8221;Text&#8221; _builder_version=&#8221;4.27.4&#8243; background_size=&#8221;initial&#8221; background_position=&#8221;top_left&#8221; background_repeat=&#8221;repeat&#8221; global_colors_info=&#8221;{}&#8221; theme_builder_area=&#8221;post_content&#8221;]<!--:eu--><img loading=\"lazy\" decoding=\"async\" class=\"alignright size-full wp-image-1191\" src=\"http:\/\/www.laguipuzcoana.eus\/wp-content\/uploads\/semaforo-verde.jpg\" alt=\"Sem\u00e1foro verde\" width=\"209\" height=\"211\" \/><\/p>\n<p>&nbsp;<\/p>\n<p style=\"text-align: justify;\"><span style=\"color: #000000;\">Aukera duzu Autobuses La Guipuzcoanaren kudeaketa gardenaren berri izateko. Ezagutu itzazu enpresak lantaldearekin, erabiltzaileekin, bezeroekin, hornitzaileekin eta gizartearekin dituen konpromisoak.<\/p>\n<p><\/span><\/p>\n<p><!--:-->[\/et_pb_text][et_pb_blurb title=&#8221;Ireki  Jasangarritasun Memoria 2013-14&#8243; use_icon=&#8221;on&#8221; font_icon=&#8221;&#xf15c;||fa||400&#8243; icon_placement=&#8221;left&#8221; content_max_width=&#8221;100%&#8221; _builder_version=&#8221;4.27.4&#8243; _module_preset=&#8221;default&#8221; custom_margin=&#8221;0px||||false|false&#8221; custom_padding=&#8221;0px||||false|false&#8221; link_option_url=&#8221;\/wp-content\/uploads\/2025\/06\/Memoria-Sostenibilidad-euskera.pdf&#8221; link_option_url_new_window=&#8221;on&#8221; global_colors_info=&#8221;{}&#8221; theme_builder_area=&#8221;post_content&#8221;][\/et_pb_blurb][\/et_pb_column][\/et_pb_row][\/et_pb_section]<\/p>\n","protected":false},"excerpt":{"rendered":"<p>&nbsp; Aukera duzu Autobuses La Guipuzcoanaren kudeaketa gardenaren berri izateko. Ezagutu itzazu enpresak lantaldearekin, erabiltzaileekin, bezeroekin, hornitzaileekin eta gizartearekin dituen konpromisoak.<\/p>\n","protected":false},"author":1,"featured_media":0,"parent":0,"menu_order":3,"comment_status":"closed","ping_status":"closed","template":"","meta":{"_et_pb_use_builder":"on","_et_pb_old_content":"<!--:eu--><img class=\"alignright size-full wp-image-1191\" src=\"http:\/\/www.laguipuzcoana.eus\/wp-content\/uploads\/semaforo-verde.jpg\" alt=\"Sem\u00e1foro verde\" width=\"209\" height=\"211\" \/>\n<p style=\"text-align: justify;\"><span style=\"color: #000000;\">Aukera duzu Autobuses La Guipuzcoanaren kudeaketa gardenaren berri izateko. Ezagutu itzazu enpresak lantaldearekin, erabiltzaileekin, bezeroekin, hornitzaileekin eta gizartearekin dituen konpromisoak.<\/span><\/p>\n<span class=\"descargas-word\" style=\"background: #b8b8b8;\"><a href=\"http:\/\/www.laguipuzcoana.eus\/wp-content\/uploads\/Memoria-Sostenibilidad-euskera.doc\" target=\"_blank\">Ireki\u00a0 Jasangarritasun Memoria 2013-14<\/a><\/span>\n<p style=\"text-align: justify;\"><\/p><!--:--><!--:es--><img class=\"alignright size-full wp-image-1191\" src=\"http:\/\/www.laguipuzcoana.eus\/wp-content\/uploads\/semaforo-verde.jpg\" alt=\"Sem\u00e1foro verde\" width=\"209\" height=\"211\" \/>\n<p style=\"text-align: justify;\"><span style=\"color: #000000;\">Qu\u00e9 mejor manera de demostrar la total transparencia de Autobuses la Guipuzcoana en su gesti\u00f3n que d\u00e1ndote luz verde para que puedas conocer todos los compromisos que mantienen con la plantilla, personas usuarias, clientela, empresas proveedoras y con la sociedad en general.<\/span><\/p>\n<p style=\"text-align: justify;\"><span class=\"descargas-word\" style=\"background: #b8b8b8;\"><a title=\"Descargar\" href=\"http:\/\/www.laguipuzcoana.eus\/wp-content\/uploads\/Memoria-Sostenibilidad.doc\" target=\"_blank\">Abrir Memoria de Sostenibilidad 2013-14<\/a><\/span><\/p><!--:-->","_et_gb_content_width":"","_joinchat":[],"footnotes":""},"class_list":["post-16186","page","type-page","status-publish","hentry"],"_links":{"self":[{"href":"https:\/\/www.laguipuzcoana.eus\/eu\/wp-json\/wp\/v2\/pages\/16186","targetHints":{"allow":["GET"]}}],"collection":[{"href":"https:\/\/www.laguipuzcoana.eus\/eu\/wp-json\/wp\/v2\/pages"}],"about":[{"href":"https:\/\/www.laguipuzcoana.eus\/eu\/wp-json\/wp\/v2\/types\/page"}],"author":[{"embeddable":true,"href":"https:\/\/www.laguipuzcoana.eus\/eu\/wp-json\/wp\/v2\/users\/1"}],"replies":[{"embeddable":true,"href":"https:\/\/www.laguipuzcoana.eus\/eu\/wp-json\/wp\/v2\/comments?post=16186"}],"version-history":[{"count":3,"href":"https:\/\/www.laguipuzcoana.eus\/eu\/wp-json\/wp\/v2\/pages\/16186\/revisions"}],"predecessor-version":[{"id":18855,"href":"https:\/\/www.laguipuzcoana.eus\/eu\/wp-json\/wp\/v2\/pages\/16186\/revisions\/18855"}],"wp:attachment":[{"href":"https:\/\/www.laguipuzcoana.eus\/eu\/wp-json\/wp\/v2\/media?parent=16186"}],"curies":[{"name":"wp","href":"https:\/\/api.w.org\/{rel}","templated":true}]}}