{"id":16387,"date":"2015-02-11T14:53:45","date_gmt":"2015-02-11T14:53:45","guid":{"rendered":"https:\/\/www.laguipuzcoana.eus\/certificados\/"},"modified":"2025-06-23T14:36:08","modified_gmt":"2025-06-23T14:36:08","slug":"egiaztagiriak","status":"publish","type":"page","link":"https:\/\/www.laguipuzcoana.eus\/eu\/egiaztagiriak\/","title":{"rendered":"Egiaztagiriak"},"content":{"rendered":"<p>[et_pb_section fb_built=&#8221;1&#8243; admin_label=&#8221;section&#8221; _builder_version=&#8221;4.16&#8243; global_colors_info=&#8221;{}&#8221; theme_builder_area=&#8221;post_content&#8221;][et_pb_row column_structure=&#8221;1_2,1_2&#8243; admin_label=&#8221;row&#8221; _builder_version=&#8221;4.27.4&#8243; background_size=&#8221;initial&#8221; background_position=&#8221;top_left&#8221; background_repeat=&#8221;repeat&#8221; global_colors_info=&#8221;{}&#8221; theme_builder_area=&#8221;post_content&#8221;][et_pb_column type=&#8221;1_2&#8243; _builder_version=&#8221;4.16&#8243; custom_padding=&#8221;|||&#8221; global_colors_info=&#8221;{}&#8221; custom_padding__hover=&#8221;|||&#8221; theme_builder_area=&#8221;post_content&#8221;][et_pb_image src=&#8221;https:\/\/www.laguipuzcoana.eus\/wp-content\/uploads\/2025\/06\/imagen-calidad.jpg&#8221; title_text=&#8221;imagen-calidad&#8221; align=&#8221;center&#8221; _builder_version=&#8221;4.27.4&#8243; _module_preset=&#8221;default&#8221; global_colors_info=&#8221;{}&#8221; theme_builder_area=&#8221;post_content&#8221;][\/et_pb_image][\/et_pb_column][et_pb_column type=&#8221;1_2&#8243; _builder_version=&#8221;4.27.4&#8243; _module_preset=&#8221;default&#8221; global_colors_info=&#8221;{}&#8221; theme_builder_area=&#8221;post_content&#8221;][et_pb_text _builder_version=&#8221;4.27.4&#8243; _module_preset=&#8221;default&#8221; hover_enabled=&#8221;0&#8243; global_colors_info=&#8221;{}&#8221; theme_builder_area=&#8221;post_content&#8221; sticky_enabled=&#8221;0&#8243;]AUTOBUSES LA GUIPUZCOANAK EGIAZTATZEN DU KALITATEZKO KUDEAKETA SISTEMA INGURUMENEAN, ENERGIAN, SEGURTASUNEAN ETA LAN-OSASUNEAN, ERANTZUKIZUN SOZIALEAN ETA BIDE SEGURTASUNEAN. BAITA BIDAIARIEN GARRAIO PUBLIKOAN ERE.<\/p>\n<p>AUTOBUSES LA GUIPUZCOANAK honako ziurtagiriak lortu ditu: ISO 9001: 2015 Kalitatea Kudeatzeko sistemarako; ISO 14001:2015 Ingurumena Kudeatzeko sistemarako; OHSAS 18001:2007 Segurtasuna eta Lan-Osasuna Kudeatzeko sistemarako, eta UNE 13816:2003 kalitatezko bidaiarien garrai publikoko sistemarako.<\/p>\n<p>2014. urtetik AUTOBUSES LA GUIPUZCOANAk hiru ziurtagiri berri ditu: ISO 50001:2011 Energia Kudeatzeko sistemarako; ISO 39001:2013 Bide Segurtasunaren Kudeaketa sistemarako eta SA 8000 Erantzukizun Sozial Korporatiboaren Kudeaketa sistemarako.<\/p>\n<p>Ziurtagiriak BUREAU VERITAS Certification-ek eman ditu, ENAC erakundeak babestua dago<\/p>\n<p>Ziurtagiri horiek AUTOBUSES LA GUIPUZCOANAREN ekintza egokiak berresten dituzte eta bere KUDEAKETA SISTEMEN heldutasuna eta eraginkortasuna adierazten dituzte.<\/p>\n<p>Era berean, AUTOBUSES LA GUIPUZCOANAko lantalde osoak bezeroen beharrei erantzun eraginkorrak eskaintzen jartzen duen ahalegina agerian geratzen da eta bikaintasuna lortzeko noranzkoa berresten dira.<\/p>\n<p>[\/et_pb_text][\/et_pb_column][\/et_pb_row][\/et_pb_section]<\/p>\n","protected":false},"excerpt":{"rendered":"<p>AUTOBUSES LA GUIPUZCOANAK EGIAZTATZEN DU KALITATEZKO KUDEAKETA SISTEMA INGURUMENEAN, ENERGIAN, SEGURTASUNEAN ETA LAN-OSASUNEAN, ERANTZUKIZUN SOZIALEAN ETA BIDE SEGURTASUNEAN. BAITA BIDAIARIEN GARRAIO PUBLIKOAN ERE. AUTOBUSES LA GUIPUZCOANAK honako ziurtagiriak lortu ditu: ISO 9001: 2015 Kalitatea Kudeatzeko sistemarako; ISO 14001:2015 Ingurumena Kudeatzeko sistemarako; OHSAS 18001:2007 Segurtasuna eta Lan-Osasuna Kudeatzeko sistemarako, eta UNE 13816:2003 kalitatezko bidaiarien garrai publikoko [&hellip;]<\/p>\n","protected":false},"author":1,"featured_media":0,"parent":0,"menu_order":14,"comment_status":"open","ping_status":"closed","template":"","meta":{"_et_pb_use_builder":"on","_et_pb_old_content":"<!--:eu-->[two_fifth]\n\n<img class=\" size-full wp-image-525 alignnone\" src=\"http:\/\/www.laguipuzcoana.eus\/wp-content\/uploads\/imagen-calidad.jpg\" alt=\"Calidad\" width=\"308\" height=\"567\" \/>\n\n[\/two_fifth]\n\n[three_fifth_last]\n\nAUTOBUSES LA GUIPUZCOANAK EGIAZTATZEN DU KALITATEZKO KUDEAKETA SISTEMA INGURUMENEAN, ENERGIAN, SEGURTASUNEAN ETA LAN-OSASUNEAN, ERANTZUKIZUN SOZIALEAN ETA BIDE SEGURTASUNEAN. BAITA BIDAIARIEN GARRAIO PUBLIKOAN ERE.\n\nAUTOBUSES LA GUIPUZCOANAK honako ziurtagiriak lortu ditu: ISO 9001: 2015 Kalitatea Kudeatzeko sistemarako; ISO 14001:2015 Ingurumena Kudeatzeko sistemarako; OHSAS 18001:2007 Segurtasuna eta Lan-Osasuna Kudeatzeko sistemarako, eta UNE 13816:2003 kalitatezko bidaiarien garrai publikoko sistemarako.\n\n2014. urtetik AUTOBUSES LA GUIPUZCOANAk hiru ziurtagiri berri ditu: ISO 50001:2011 Energia Kudeatzeko sistemarako; ISO 39001:2013 Bide Segurtasunaren Kudeaketa sistemarako eta SA 8000 Erantzukizun Sozial Korporatiboaren Kudeaketa sistemarako.\n\nZiurtagiriak BUREAU VERITAS Certification-ek eman ditu, ENAC erakundeak babestua dago\n\nZiurtagiri horiek AUTOBUSES LA GUIPUZCOANAREN ekintza egokiak berresten dituzte eta bere KUDEAKETA SISTEMEN heldutasuna eta eraginkortasuna adierazten dituzte.\n\nEra berean, AUTOBUSES LA GUIPUZCOANAko lantalde osoak bezeroen beharrei erantzun eraginkorrak eskaintzen jartzen duen ahalegina agerian geratzen da eta bikaintasuna lortzeko noranzkoa berresten dira.<!--:--><!--:es-->[two_fifth]\n\n<img class=\" size-full wp-image-525 alignnone\" src=\"http:\/\/www.laguipuzcoana.eus\/wp-content\/uploads\/imagen-calidad.jpg\" alt=\"Calidad\" width=\"308\" height=\"567\" \/>\n\n[\/two_fifth]\n\n[three_fifth_last]\n\nAUTOBUSES LA GUIPUZCOANA S.L. CERTIFICA SU SISTEMA DE GESTI\u00d3N DE CALIDAD AMBIENTAL, ENERG\u00c9TICA, SEGURIDAD Y SALUD LABORAL, RESPONSABILIDAD SOCIAL Y SEGURIDAD VIAL, ADEM\u00c1S DE SU SISTEMA DE GESTI\u00d3N DE CALIDAD EN EL TRANSPORTE P\u00daBLICO DE PERSONAS PASAJERAS.\n\nAUTOBUSES LA GUIPUZCOANA S.L. ha obtenido las certificaciones ISO 9001:2015 para el sistema de Gesti\u00f3n de Calidad; ISO 14001:2015 para el sistema de Gesti\u00f3n Medio Ambiental; OHSAS 18001:2007 para el sistema de Gesti\u00f3n de Seguridad y Salud Laboral y UNE en ISO 13816:2003 para el sistema de calidad en el trasporte p\u00fablico de personas pasajeras.\n\nDesde el a\u00f1o 2014, AUTOBUSES LA GUIPUZCOANA S.L. tambi\u00e9n cuenta con las certificaciones ISO 50001:2011 para el sistema de Gesti\u00f3n de la Energ\u00eda; ISO 39001:2013 para el sistema de Gesti\u00f3n de la Seguridad Vial y SA 8000:2008 para el sistema de Gesti\u00f3n de Responsabilidad Social.\n\nLos certificados han sido otorgados por BUREAU VERITAS Certification, bajo acreditaci\u00f3n ENAC para sus centros de Azkoitia dedicados al TRANSPORTE NACIONAL E INTERNACIONAL DE VIAJEROS POR CARRETERA.\n\nEstas certificaciones confirman las buenas pr\u00e1cticas de AUTOBUSES LA GUIPUZCOANA S.L. y reconocen la madurez y eficacia de su SISTEMA DE GESTI\u00d3N DE CALIDAD AMBIENTAL, ENERG\u00c9TICA, SEGURIDAD Y SALUD LABORAL, RESPONSABILIDAD SOCIAL y SEGURIDAD VIAL; adem\u00e1s de su SISTEMA DE GESTI\u00d3N DE CALIDAD EN EL TRANSPORTE P\u00daBLICO DE PASAJEROS, al mismo tiempo que ratifican su compromiso con la mejora continua.\n\nDe esta forma, se reconoce internacionalmente el esfuerzo y la dedicaci\u00f3n de todo el equipo de AUTOBUSES LA GUIPUZCOANA S.L. por ofrecer respuestas eficaces a las necesidades de\u00a0su clientela y reafirma su decidida orientaci\u00f3n hacia la excelencia empresarial.\n\n<span style=\"text-decoration: underline;\">\u00a0<\/span>\n\nLa pol\u00edtica de gesti\u00f3n, la declaraci\u00f3n ambiental y carta de servicios se encuentran disponibles para todas las partes interesadas que la soliciten.\n\n[\/three_fifth_last]<!--:-->","_et_gb_content_width":"","_joinchat":[],"footnotes":""},"class_list":["post-16387","page","type-page","status-publish","hentry"],"_links":{"self":[{"href":"https:\/\/www.laguipuzcoana.eus\/eu\/wp-json\/wp\/v2\/pages\/16387","targetHints":{"allow":["GET"]}}],"collection":[{"href":"https:\/\/www.laguipuzcoana.eus\/eu\/wp-json\/wp\/v2\/pages"}],"about":[{"href":"https:\/\/www.laguipuzcoana.eus\/eu\/wp-json\/wp\/v2\/types\/page"}],"author":[{"embeddable":true,"href":"https:\/\/www.laguipuzcoana.eus\/eu\/wp-json\/wp\/v2\/users\/1"}],"replies":[{"embeddable":true,"href":"https:\/\/www.laguipuzcoana.eus\/eu\/wp-json\/wp\/v2\/comments?post=16387"}],"version-history":[{"count":0,"href":"https:\/\/www.laguipuzcoana.eus\/eu\/wp-json\/wp\/v2\/pages\/16387\/revisions"}],"wp:attachment":[{"href":"https:\/\/www.laguipuzcoana.eus\/eu\/wp-json\/wp\/v2\/media?parent=16387"}],"curies":[{"name":"wp","href":"https:\/\/api.w.org\/{rel}","templated":true}]}}